{"id":30178,"date":"2025-10-04T12:41:26","date_gmt":"2025-10-04T10:41:26","guid":{"rendered":"https:\/\/szajduksoletbrigitta.hu\/?page_id=30178"},"modified":"2025-10-04T13:09:28","modified_gmt":"2025-10-04T11:09:28","slug":"impresszum","status":"publish","type":"page","link":"https:\/\/szajduksoletbrigitta.hu\/index.php\/impresszum\/","title":{"rendered":"Impresszum"},"content":{"rendered":"\t\t<div data-elementor-type=\"wp-page\" data-elementor-id=\"30178\" class=\"elementor elementor-30178\" data-elementor-post-type=\"page\">\n\t\t\t\t<div class=\"wd-negative-gap elementor-element elementor-element-4fd9e32 e-flex e-con-boxed e-con e-parent\" data-id=\"4fd9e32\" data-element_type=\"container\">\n\t\t\t\t\t<div class=\"e-con-inner\">\n\t\t\t\t<div class=\"elementor-element elementor-element-f617db5 elementor-widget elementor-widget-spacer\" data-id=\"f617db5\" data-element_type=\"widget\" data-widget_type=\"spacer.default\">\n\t\t\t\t\t\t\t<div class=\"elementor-spacer\">\n\t\t\t<div class=\"elementor-spacer-inner\"><\/div>\n\t\t<\/div>\n\t\t\t\t\t\t<\/div>\n\t\t\t\t\t<\/div>\n\t\t\t\t<\/div>\n\t\t<div class=\"elementor-element elementor-element-f7be5c5 e-flex e-con-boxed e-con e-parent\" data-id=\"f7be5c5\" data-element_type=\"container\">\n\t\t\t\t\t<div class=\"e-con-inner\">\n\t\t\t\t<div class=\"elementor-element elementor-element-ef8b8a8 elementor-widget-divider--view-line_text elementor-widget-divider--element-align-center elementor-widget elementor-widget-divider\" data-id=\"ef8b8a8\" data-element_type=\"widget\" data-widget_type=\"divider.default\">\n\t\t\t\t\t\t\t<div class=\"elementor-divider\">\n\t\t\t<span class=\"elementor-divider-separator\">\n\t\t\t\t\t\t\t<span class=\"elementor-divider__text elementor-divider__element\">\n\t\t\t\tImpresszum\t\t\t\t<\/span>\n\t\t\t\t\t\t<\/span>\n\t\t<\/div>\n\t\t\t\t\t\t<\/div>\n\t\t\t\t<div class=\"elementor-element elementor-element-79a9dae elementor-widget elementor-widget-spacer\" data-id=\"79a9dae\" data-element_type=\"widget\" data-widget_type=\"spacer.default\">\n\t\t\t\t\t\t\t<div class=\"elementor-spacer\">\n\t\t\t<div class=\"elementor-spacer-inner\"><\/div>\n\t\t<\/div>\n\t\t\t\t\t\t<\/div>\n\t\t\t\t\t<\/div>\n\t\t\t\t<\/div>\n\t\t<div class=\"elementor-element elementor-element-51a6292 e-flex e-con-boxed e-con e-parent\" data-id=\"51a6292\" data-element_type=\"container\" data-settings=\"{&quot;background_background&quot;:&quot;classic&quot;}\">\n\t\t\t\t\t<div class=\"e-con-inner\">\n\t\t<div class=\"elementor-element elementor-element-bbe09ee e-con-full e-flex e-con e-child\" data-id=\"bbe09ee\" data-element_type=\"container\">\n\t\t\t\t<div class=\"elementor-element elementor-element-df6f06a elementor-widget elementor-widget-spacer\" data-id=\"df6f06a\" data-element_type=\"widget\" data-widget_type=\"spacer.default\">\n\t\t\t\t\t\t\t<div class=\"elementor-spacer\">\n\t\t\t<div class=\"elementor-spacer-inner\"><\/div>\n\t\t<\/div>\n\t\t\t\t\t\t<\/div>\n\t\t\t\t<\/div>\n\t\t<div class=\"elementor-element elementor-element-d12fa8e e-con-full e-flex e-con e-child\" data-id=\"d12fa8e\" data-element_type=\"container\" data-settings=\"{&quot;background_background&quot;:&quot;classic&quot;}\">\n\t\t\t\t<div class=\"elementor-element elementor-element-e8dd648 elementor-widget-divider--view-line_text elementor-widget-divider--element-align-center elementor-widget elementor-widget-divider\" data-id=\"e8dd648\" data-element_type=\"widget\" data-widget_type=\"divider.default\">\n\t\t\t\t\t\t\t<div class=\"elementor-divider\">\n\t\t\t<span class=\"elementor-divider-separator\">\n\t\t\t\t\t\t\t<span class=\"elementor-divider__text elementor-divider__element\">\n\t\t\t\tAz oldal tulajdonosa\t\t\t\t<\/span>\n\t\t\t\t\t\t<\/span>\n\t\t<\/div>\n\t\t\t\t\t\t<\/div>\n\t\t\t\t<div class=\"elementor-element elementor-element-abe12b7 text-center color-scheme-inherit elementor-widget elementor-widget-text-editor\" data-id=\"abe12b7\" data-element_type=\"widget\" data-widget_type=\"text-editor.default\">\n\t\t\t\t\t\t\t\t\t<p>Szajduk-S\u00f6l\u00e9t Brigitta E.V.<\/p><p>Ad\u00f3sz\u00e1m: 91441131-1-42<\/p><p>solet.brigitta@gmail.com<\/p>\t\t\t\t\t\t\t\t<\/div>\n\t\t\t\t<\/div>\n\t\t<div class=\"elementor-element elementor-element-1be80f3 e-con-full e-flex e-con e-child\" data-id=\"1be80f3\" data-element_type=\"container\" data-settings=\"{&quot;background_background&quot;:&quot;classic&quot;}\">\n\t\t\t\t<div class=\"elementor-element elementor-element-467d0b5 elementor-widget-divider--view-line_text elementor-widget-divider--element-align-center elementor-widget elementor-widget-divider\" data-id=\"467d0b5\" data-element_type=\"widget\" data-widget_type=\"divider.default\">\n\t\t\t\t\t\t\t<div class=\"elementor-divider\">\n\t\t\t<span class=\"elementor-divider-separator\">\n\t\t\t\t\t\t\t<span class=\"elementor-divider__text elementor-divider__element\">\n\t\t\t\tT\u00e1rhely szolg\u00e1ltat\u00f3\t\t\t\t<\/span>\n\t\t\t\t\t\t<\/span>\n\t\t<\/div>\n\t\t\t\t\t\t<\/div>\n\t\t\t\t<div class=\"elementor-element elementor-element-709cd18 text-center color-scheme-inherit elementor-widget elementor-widget-text-editor\" data-id=\"709cd18\" data-element_type=\"widget\" data-widget_type=\"text-editor.default\">\n\t\t\t\t\t\t\t\t\t<p>Sybell Informatika Kft.<\/p><p>1158 Budapest, K\u00e9sm\u00e1rk u. 7\/B 2. em. 206.<\/p><p><a href=\"https:\/\/sybell.hu\/\">https:\/\/sybell.hu\/<\/a><\/p>\t\t\t\t\t\t\t\t<\/div>\n\t\t\t\t<\/div>\n\t\t<div class=\"elementor-element elementor-element-be198ae e-con-full e-flex e-con e-child\" data-id=\"be198ae\" data-element_type=\"container\" data-settings=\"{&quot;background_background&quot;:&quot;classic&quot;}\">\n\t\t\t\t<div class=\"elementor-element elementor-element-0ac981c elementor-widget-divider--view-line_text elementor-widget-divider--element-align-center elementor-widget elementor-widget-divider\" data-id=\"0ac981c\" data-element_type=\"widget\" data-widget_type=\"divider.default\">\n\t\t\t\t\t\t\t<div class=\"elementor-divider\">\n\t\t\t<span class=\"elementor-divider-separator\">\n\t\t\t\t\t\t\t<span class=\"elementor-divider__text elementor-divider__element\">\n\t\t\t\tFelhaszn\u00e1lt k\u00e9pek forr\u00e1sa\t\t\t\t<\/span>\n\t\t\t\t\t\t<\/span>\n\t\t<\/div>\n\t\t\t\t\t\t<\/div>\n\t\t\t\t<div class=\"elementor-element elementor-element-0a142f7 text-center color-scheme-inherit elementor-widget elementor-widget-text-editor\" data-id=\"0a142f7\" data-element_type=\"widget\" data-widget_type=\"text-editor.default\">\n\t\t\t\t\t\t\t\t\t<p>Canva Pty Ltd | https:\/\/www.canva.com\/<\/p><p>Szajduk Szabolcs Tam\u00e1s E.V. (41527698-1-22) https:\/\/szjdkpictures.hu\/<\/p>\t\t\t\t\t\t\t\t<\/div>\n\t\t\t\t<\/div>\n\t\t<div class=\"elementor-element elementor-element-d7aaace e-con-full e-flex e-con e-child\" data-id=\"d7aaace\" data-element_type=\"container\">\n\t\t\t\t<div class=\"elementor-element elementor-element-8c7b914 elementor-widget elementor-widget-spacer\" data-id=\"8c7b914\" data-element_type=\"widget\" data-widget_type=\"spacer.default\">\n\t\t\t\t\t\t\t<div class=\"elementor-spacer\">\n\t\t\t<div class=\"elementor-spacer-inner\"><\/div>\n\t\t<\/div>\n\t\t\t\t\t\t<\/div>\n\t\t\t\t<\/div>\n\t\t\t\t\t<\/div>\n\t\t\t\t<\/div>\n\t\t<div class=\"wd-negative-gap elementor-element elementor-element-7b386fc e-flex e-con-boxed e-con e-parent\" data-id=\"7b386fc\" data-element_type=\"container\">\n\t\t\t\t\t<div class=\"e-con-inner\">\n\t\t\t\t<div class=\"elementor-element elementor-element-fa4dd48 elementor-widget elementor-widget-spacer\" data-id=\"fa4dd48\" data-element_type=\"widget\" data-widget_type=\"spacer.default\">\n\t\t\t\t\t\t\t<div class=\"elementor-spacer\">\n\t\t\t<div class=\"elementor-spacer-inner\"><\/div>\n\t\t<\/div>\n\t\t\t\t\t\t<\/div>\n\t\t\t\t\t<\/div>\n\t\t\t\t<\/div>\n\t\t\t\t<\/div>\n\t\t","protected":false},"excerpt":{"rendered":"<p>Impresszum Az oldal tulajdonosa Szajduk-S\u00f6l\u00e9t Brigitta E.V. Ad\u00f3sz\u00e1m: 91441131-1-42 solet.brigitta@gmail.com T\u00e1rhely szolg\u00e1ltat\u00f3 Sybell Informatika Kft. 1158 Budapest, K\u00e9sm\u00e1rk u. 7\/B<\/p>\n","protected":false},"author":1,"featured_media":0,"parent":0,"menu_order":0,"comment_status":"closed","ping_status":"closed","template":"","meta":{"footnotes":""},"class_list":["post-30178","page","type-page","status-publish","hentry"],"yoast_head":"<!-- This site is optimized with the Yoast SEO plugin v26.0 - https:\/\/yoast.com\/wordpress\/plugins\/seo\/ -->\n<title>Impresszum - Szajduk-S\u00f6l\u00e9t Brigitta<\/title>\n<meta name=\"robots\" content=\"index, follow, max-snippet:-1, max-image-preview:large, max-video-preview:-1\" \/>\n<link rel=\"canonical\" href=\"https:\/\/szajduksoletbrigitta.hu\/index.php\/impresszum\/\" \/>\n<meta property=\"og:locale\" content=\"hu_HU\" \/>\n<meta property=\"og:type\" content=\"article\" \/>\n<meta property=\"og:title\" content=\"Impresszum - Szajduk-S\u00f6l\u00e9t Brigitta\" \/>\n<meta property=\"og:description\" content=\"Impresszum Az oldal tulajdonosa Szajduk-S\u00f6l\u00e9t Brigitta E.V. Ad\u00f3sz\u00e1m: 91441131-1-42 solet.brigitta@gmail.com T\u00e1rhely szolg\u00e1ltat\u00f3 Sybell Informatika Kft. 1158 Budapest, K\u00e9sm\u00e1rk u. 7\/B\" \/>\n<meta property=\"og:url\" content=\"https:\/\/szajduksoletbrigitta.hu\/index.php\/impresszum\/\" \/>\n<meta property=\"og:site_name\" content=\"Szajduk-S\u00f6l\u00e9t Brigitta\" \/>\n<meta property=\"article:modified_time\" content=\"2025-10-04T11:09:28+00:00\" \/>\n<meta name=\"twitter:card\" content=\"summary_large_image\" \/>\n<meta name=\"twitter:label1\" content=\"Becs\u00fclt olvas\u00e1si id\u0151\" \/>\n\t<meta name=\"twitter:data1\" content=\"1 perc\" \/>\n<script type=\"application\/ld+json\" class=\"yoast-schema-graph\">{\"@context\":\"https:\/\/schema.org\",\"@graph\":[{\"@type\":\"WebPage\",\"@id\":\"https:\/\/szajduksoletbrigitta.hu\/index.php\/impresszum\/\",\"url\":\"https:\/\/szajduksoletbrigitta.hu\/index.php\/impresszum\/\",\"name\":\"Impresszum - Szajduk-S\u00f6l\u00e9t Brigitta\",\"isPartOf\":{\"@id\":\"https:\/\/szajduksoletbrigitta.hu\/#website\"},\"datePublished\":\"2025-10-04T10:41:26+00:00\",\"dateModified\":\"2025-10-04T11:09:28+00:00\",\"breadcrumb\":{\"@id\":\"https:\/\/szajduksoletbrigitta.hu\/index.php\/impresszum\/#breadcrumb\"},\"inLanguage\":\"hu\",\"potentialAction\":[{\"@type\":\"ReadAction\",\"target\":[\"https:\/\/szajduksoletbrigitta.hu\/index.php\/impresszum\/\"]}]},{\"@type\":\"BreadcrumbList\",\"@id\":\"https:\/\/szajduksoletbrigitta.hu\/index.php\/impresszum\/#breadcrumb\",\"itemListElement\":[{\"@type\":\"ListItem\",\"position\":1,\"name\":\"Kezd\u0151lap\",\"item\":\"https:\/\/szajduksoletbrigitta.hu\/\"},{\"@type\":\"ListItem\",\"position\":2,\"name\":\"Impresszum\"}]},{\"@type\":\"WebSite\",\"@id\":\"https:\/\/szajduksoletbrigitta.hu\/#website\",\"url\":\"https:\/\/szajduksoletbrigitta.hu\/\",\"name\":\"Szajduk-S\u00f6l\u00e9t Brigitta\",\"description\":\"\",\"publisher\":{\"@id\":\"https:\/\/szajduksoletbrigitta.hu\/#organization\"},\"potentialAction\":[{\"@type\":\"SearchAction\",\"target\":{\"@type\":\"EntryPoint\",\"urlTemplate\":\"https:\/\/szajduksoletbrigitta.hu\/?s={search_term_string}\"},\"query-input\":{\"@type\":\"PropertyValueSpecification\",\"valueRequired\":true,\"valueName\":\"search_term_string\"}}],\"inLanguage\":\"hu\"},{\"@type\":\"Organization\",\"@id\":\"https:\/\/szajduksoletbrigitta.hu\/#organization\",\"name\":\"Szajduk-S\u00f6l\u00e9t Brigitta\",\"url\":\"https:\/\/szajduksoletbrigitta.hu\/\",\"logo\":{\"@type\":\"ImageObject\",\"inLanguage\":\"hu\",\"@id\":\"https:\/\/szajduksoletbrigitta.hu\/#\/schema\/logo\/image\/\",\"url\":\"https:\/\/szajduksoletbrigitta.hu\/wp-content\/uploads\/2025\/09\/CV2-1.jpg\",\"contentUrl\":\"https:\/\/szajduksoletbrigitta.hu\/wp-content\/uploads\/2025\/09\/CV2-1.jpg\",\"width\":939,\"height\":1408,\"caption\":\"Szajduk-S\u00f6l\u00e9t Brigitta\"},\"image\":{\"@id\":\"https:\/\/szajduksoletbrigitta.hu\/#\/schema\/logo\/image\/\"}}]}<\/script>\n<!-- \/ Yoast SEO plugin. -->","yoast_head_json":{"title":"Impresszum - Szajduk-S\u00f6l\u00e9t Brigitta","robots":{"index":"index","follow":"follow","max-snippet":"max-snippet:-1","max-image-preview":"max-image-preview:large","max-video-preview":"max-video-preview:-1"},"canonical":"https:\/\/szajduksoletbrigitta.hu\/index.php\/impresszum\/","og_locale":"hu_HU","og_type":"article","og_title":"Impresszum - Szajduk-S\u00f6l\u00e9t Brigitta","og_description":"Impresszum Az oldal tulajdonosa Szajduk-S\u00f6l\u00e9t Brigitta E.V. Ad\u00f3sz\u00e1m: 91441131-1-42 solet.brigitta@gmail.com T\u00e1rhely szolg\u00e1ltat\u00f3 Sybell Informatika Kft. 1158 Budapest, K\u00e9sm\u00e1rk u. 7\/B","og_url":"https:\/\/szajduksoletbrigitta.hu\/index.php\/impresszum\/","og_site_name":"Szajduk-S\u00f6l\u00e9t Brigitta","article_modified_time":"2025-10-04T11:09:28+00:00","twitter_card":"summary_large_image","twitter_misc":{"Becs\u00fclt olvas\u00e1si id\u0151":"1 perc"},"schema":{"@context":"https:\/\/schema.org","@graph":[{"@type":"WebPage","@id":"https:\/\/szajduksoletbrigitta.hu\/index.php\/impresszum\/","url":"https:\/\/szajduksoletbrigitta.hu\/index.php\/impresszum\/","name":"Impresszum - Szajduk-S\u00f6l\u00e9t Brigitta","isPartOf":{"@id":"https:\/\/szajduksoletbrigitta.hu\/#website"},"datePublished":"2025-10-04T10:41:26+00:00","dateModified":"2025-10-04T11:09:28+00:00","breadcrumb":{"@id":"https:\/\/szajduksoletbrigitta.hu\/index.php\/impresszum\/#breadcrumb"},"inLanguage":"hu","potentialAction":[{"@type":"ReadAction","target":["https:\/\/szajduksoletbrigitta.hu\/index.php\/impresszum\/"]}]},{"@type":"BreadcrumbList","@id":"https:\/\/szajduksoletbrigitta.hu\/index.php\/impresszum\/#breadcrumb","itemListElement":[{"@type":"ListItem","position":1,"name":"Kezd\u0151lap","item":"https:\/\/szajduksoletbrigitta.hu\/"},{"@type":"ListItem","position":2,"name":"Impresszum"}]},{"@type":"WebSite","@id":"https:\/\/szajduksoletbrigitta.hu\/#website","url":"https:\/\/szajduksoletbrigitta.hu\/","name":"Szajduk-S\u00f6l\u00e9t Brigitta","description":"","publisher":{"@id":"https:\/\/szajduksoletbrigitta.hu\/#organization"},"potentialAction":[{"@type":"SearchAction","target":{"@type":"EntryPoint","urlTemplate":"https:\/\/szajduksoletbrigitta.hu\/?s={search_term_string}"},"query-input":{"@type":"PropertyValueSpecification","valueRequired":true,"valueName":"search_term_string"}}],"inLanguage":"hu"},{"@type":"Organization","@id":"https:\/\/szajduksoletbrigitta.hu\/#organization","name":"Szajduk-S\u00f6l\u00e9t Brigitta","url":"https:\/\/szajduksoletbrigitta.hu\/","logo":{"@type":"ImageObject","inLanguage":"hu","@id":"https:\/\/szajduksoletbrigitta.hu\/#\/schema\/logo\/image\/","url":"https:\/\/szajduksoletbrigitta.hu\/wp-content\/uploads\/2025\/09\/CV2-1.jpg","contentUrl":"https:\/\/szajduksoletbrigitta.hu\/wp-content\/uploads\/2025\/09\/CV2-1.jpg","width":939,"height":1408,"caption":"Szajduk-S\u00f6l\u00e9t Brigitta"},"image":{"@id":"https:\/\/szajduksoletbrigitta.hu\/#\/schema\/logo\/image\/"}}]}},"_links":{"self":[{"href":"https:\/\/szajduksoletbrigitta.hu\/index.php\/wp-json\/wp\/v2\/pages\/30178","targetHints":{"allow":["GET"]}}],"collection":[{"href":"https:\/\/szajduksoletbrigitta.hu\/index.php\/wp-json\/wp\/v2\/pages"}],"about":[{"href":"https:\/\/szajduksoletbrigitta.hu\/index.php\/wp-json\/wp\/v2\/types\/page"}],"author":[{"embeddable":true,"href":"https:\/\/szajduksoletbrigitta.hu\/index.php\/wp-json\/wp\/v2\/users\/1"}],"replies":[{"embeddable":true,"href":"https:\/\/szajduksoletbrigitta.hu\/index.php\/wp-json\/wp\/v2\/comments?post=30178"}],"version-history":[{"count":58,"href":"https:\/\/szajduksoletbrigitta.hu\/index.php\/wp-json\/wp\/v2\/pages\/30178\/revisions"}],"predecessor-version":[{"id":30240,"href":"https:\/\/szajduksoletbrigitta.hu\/index.php\/wp-json\/wp\/v2\/pages\/30178\/revisions\/30240"}],"wp:attachment":[{"href":"https:\/\/szajduksoletbrigitta.hu\/index.php\/wp-json\/wp\/v2\/media?parent=30178"}],"curies":[{"name":"wp","href":"https:\/\/api.w.org\/{rel}","templated":true}]}}